{"id":70,"date":"2023-09-25T20:09:23","date_gmt":"2023-09-25T20:09:23","guid":{"rendered":"https:\/\/np-ar.com\/?page_id=70"},"modified":"2024-11-25T21:09:03","modified_gmt":"2024-11-25T21:09:03","slug":"soporte-y-garantia","status":"publish","type":"page","link":"https:\/\/pwr-ar.com\/index.php\/soporte-y-garantia\/","title":{"rendered":"Soporte y Garant\u00eda"},"content":{"rendered":"\t\t<div data-elementor-type=\"wp-page\" data-elementor-id=\"70\" class=\"elementor elementor-70\" data-elementor-post-type=\"page\">\n\t\t\t\t<div class=\"elementor-element elementor-element-7a2bbe1d e-con-full e-flex e-con e-parent\" data-id=\"7a2bbe1d\" data-element_type=\"container\">\n\t\t\t\t<div class=\"elementor-element elementor-element-567e3e78 elementor-widget elementor-widget-heading\" data-id=\"567e3e78\" data-element_type=\"widget\" data-widget_type=\"heading.default\">\n\t\t\t\t<div class=\"elementor-widget-container\">\n\t\t\t\t\t<h2 class=\"elementor-heading-title elementor-size-default\">Soporte y Garant\u00eda<\/h2>\t\t\t\t<\/div>\n\t\t\t\t<\/div>\n\t\t\t\t<\/div>\n\t\t<div class=\"elementor-element elementor-element-7ea2c2b e-flex e-con-boxed e-con e-parent\" data-id=\"7ea2c2b\" data-element_type=\"container\">\n\t\t\t\t\t<div class=\"e-con-inner\">\n\t\t\t\t<div class=\"elementor-element elementor-element-6955cce elementor-widget elementor-widget-heading\" data-id=\"6955cce\" data-element_type=\"widget\" data-widget_type=\"heading.default\">\n\t\t\t\t<div class=\"elementor-widget-container\">\n\t\t\t\t\t<h2 class=\"elementor-heading-title elementor-size-default\">Proceso de Atenci\u00f3n<\/h2>\t\t\t\t<\/div>\n\t\t\t\t<\/div>\n\t\t\t\t<div class=\"elementor-element elementor-element-b7d0fef elementor-widget elementor-widget-image\" data-id=\"b7d0fef\" data-element_type=\"widget\" data-widget_type=\"image.default\">\n\t\t\t\t<div class=\"elementor-widget-container\">\n\t\t\t\t\t\t\t\t\t\t\t\t\t\t\t<img fetchpriority=\"high\" decoding=\"async\" width=\"1912\" height=\"784\" src=\"https:\/\/pwr-ar.com\/wp-content\/uploads\/2023\/09\/Grafico-NP2.png\" class=\"attachment-full size-full wp-image-20\" alt=\"\" srcset=\"https:\/\/pwr-ar.com\/wp-content\/uploads\/2023\/09\/Grafico-NP2.png 1912w, https:\/\/pwr-ar.com\/wp-content\/uploads\/2023\/09\/Grafico-NP2-300x123.png 300w, https:\/\/pwr-ar.com\/wp-content\/uploads\/2023\/09\/Grafico-NP2-1024x420.png 1024w, https:\/\/pwr-ar.com\/wp-content\/uploads\/2023\/09\/Grafico-NP2-768x315.png 768w, https:\/\/pwr-ar.com\/wp-content\/uploads\/2023\/09\/Grafico-NP2-1536x630.png 1536w\" sizes=\"(max-width: 1912px) 100vw, 1912px\" \/>\t\t\t\t\t\t\t\t\t\t\t\t\t\t\t<\/div>\n\t\t\t\t<\/div>\n\t\t\t\t\t<\/div>\n\t\t\t\t<\/div>\n\t\t<div class=\"elementor-element elementor-element-f476f11 e-flex e-con-boxed e-con e-parent\" data-id=\"f476f11\" data-element_type=\"container\">\n\t\t\t\t\t<div class=\"e-con-inner\">\n\t\t\t\t<div class=\"elementor-element elementor-element-9dff4bc elementor-align-center elementor-widget elementor-widget-button\" data-id=\"9dff4bc\" data-element_type=\"widget\" data-widget_type=\"button.default\">\n\t\t\t\t<div class=\"elementor-widget-container\">\n\t\t\t\t\t\t\t\t\t<div class=\"elementor-button-wrapper\">\n\t\t\t\t\t<a class=\"elementor-button elementor-button-link elementor-size-md\" href=\"http:\/\/pwr-ar.com\/#contact\">\n\t\t\t\t\t\t<span class=\"elementor-button-content-wrapper\">\n\t\t\t\t\t\t<span class=\"elementor-button-icon\">\n\t\t\t\t<i aria-hidden=\"true\" class=\"far fa-comments\"><\/i>\t\t\t<\/span>\n\t\t\t\t\t\t\t\t\t<span class=\"elementor-button-text\">Cont\u00e1ctenos<\/span>\n\t\t\t\t\t<\/span>\n\t\t\t\t\t<\/a>\n\t\t\t\t<\/div>\n\t\t\t\t\t\t\t\t<\/div>\n\t\t\t\t<\/div>\n\t\t\t\t\t<\/div>\n\t\t\t\t<\/div>\n\t\t\t\t<\/div>\n\t\t","protected":false},"excerpt":{"rendered":"<p>Soporte y Garant\u00eda Proceso de Atenci\u00f3n Cont\u00e1ctenos<\/p>\n","protected":false},"author":1,"featured_media":0,"parent":0,"menu_order":0,"comment_status":"closed","ping_status":"closed","template":"elementor_header_footer","meta":{"footnotes":""},"class_list":["post-70","page","type-page","status-publish","hentry"],"yoast_head":"<!-- This site is optimized with the Yoast SEO plugin v24.6 - https:\/\/yoast.com\/wordpress\/plugins\/seo\/ -->\n<title>Soporte y Garant\u00eda - PWR Critical Services<\/title>\n<meta name=\"robots\" content=\"index, follow, max-snippet:-1, max-image-preview:large, max-video-preview:-1\" \/>\n<link rel=\"canonical\" href=\"https:\/\/pwr-ar.com\/index.php\/soporte-y-garantia\/\" \/>\n<meta property=\"og:locale\" content=\"en_US\" \/>\n<meta property=\"og:type\" content=\"article\" \/>\n<meta property=\"og:title\" content=\"Soporte y Garant\u00eda - PWR Critical Services\" \/>\n<meta property=\"og:description\" content=\"Soporte y Garant\u00eda Proceso de Atenci\u00f3n Cont\u00e1ctenos\" \/>\n<meta property=\"og:url\" content=\"https:\/\/pwr-ar.com\/index.php\/soporte-y-garantia\/\" \/>\n<meta property=\"og:site_name\" content=\"PWR Critical Services\" \/>\n<meta property=\"article:modified_time\" content=\"2024-11-25T21:09:03+00:00\" \/>\n<meta property=\"og:image\" content=\"https:\/\/pwr-ar.com\/wp-content\/uploads\/2023\/09\/Grafico-NP2.png\" \/>\n<meta name=\"twitter:card\" content=\"summary_large_image\" \/>\n<meta name=\"twitter:label1\" content=\"Est. reading time\" \/>\n\t<meta name=\"twitter:data1\" content=\"1 minute\" \/>\n<script type=\"application\/ld+json\" class=\"yoast-schema-graph\">{\"@context\":\"https:\/\/schema.org\",\"@graph\":[{\"@type\":\"WebPage\",\"@id\":\"https:\/\/pwr-ar.com\/index.php\/soporte-y-garantia\/\",\"url\":\"https:\/\/pwr-ar.com\/index.php\/soporte-y-garantia\/\",\"name\":\"Soporte y Garant\u00eda - PWR Critical Services\",\"isPartOf\":{\"@id\":\"https:\/\/pwr-ar.com\/#website\"},\"primaryImageOfPage\":{\"@id\":\"https:\/\/pwr-ar.com\/index.php\/soporte-y-garantia\/#primaryimage\"},\"image\":{\"@id\":\"https:\/\/pwr-ar.com\/index.php\/soporte-y-garantia\/#primaryimage\"},\"thumbnailUrl\":\"https:\/\/pwr-ar.com\/wp-content\/uploads\/2023\/09\/Grafico-NP2.png\",\"datePublished\":\"2023-09-25T20:09:23+00:00\",\"dateModified\":\"2024-11-25T21:09:03+00:00\",\"breadcrumb\":{\"@id\":\"https:\/\/pwr-ar.com\/index.php\/soporte-y-garantia\/#breadcrumb\"},\"inLanguage\":\"en-US\",\"potentialAction\":[{\"@type\":\"ReadAction\",\"target\":[\"https:\/\/pwr-ar.com\/index.php\/soporte-y-garantia\/\"]}]},{\"@type\":\"ImageObject\",\"inLanguage\":\"en-US\",\"@id\":\"https:\/\/pwr-ar.com\/index.php\/soporte-y-garantia\/#primaryimage\",\"url\":\"https:\/\/pwr-ar.com\/wp-content\/uploads\/2023\/09\/Grafico-NP2.png\",\"contentUrl\":\"https:\/\/pwr-ar.com\/wp-content\/uploads\/2023\/09\/Grafico-NP2.png\",\"width\":1912,\"height\":784},{\"@type\":\"BreadcrumbList\",\"@id\":\"https:\/\/pwr-ar.com\/index.php\/soporte-y-garantia\/#breadcrumb\",\"itemListElement\":[{\"@type\":\"ListItem\",\"position\":1,\"name\":\"Home\",\"item\":\"https:\/\/pwr-ar.com\/\"},{\"@type\":\"ListItem\",\"position\":2,\"name\":\"Soporte y Garant\u00eda\"}]},{\"@type\":\"WebSite\",\"@id\":\"https:\/\/pwr-ar.com\/#website\",\"url\":\"https:\/\/pwr-ar.com\/\",\"name\":\"PWR Critical Services\",\"description\":\"\",\"publisher\":{\"@id\":\"https:\/\/pwr-ar.com\/#organization\"},\"potentialAction\":[{\"@type\":\"SearchAction\",\"target\":{\"@type\":\"EntryPoint\",\"urlTemplate\":\"https:\/\/pwr-ar.com\/?s={search_term_string}\"},\"query-input\":{\"@type\":\"PropertyValueSpecification\",\"valueRequired\":true,\"valueName\":\"search_term_string\"}}],\"inLanguage\":\"en-US\"},{\"@type\":\"Organization\",\"@id\":\"https:\/\/pwr-ar.com\/#organization\",\"name\":\"PWR Critical Services\",\"url\":\"https:\/\/pwr-ar.com\/\",\"logo\":{\"@type\":\"ImageObject\",\"inLanguage\":\"en-US\",\"@id\":\"https:\/\/pwr-ar.com\/#\/schema\/logo\/image\/\",\"url\":\"https:\/\/pwr-ar.com\/wp-content\/uploads\/2024\/08\/Logo-PWR.png\",\"contentUrl\":\"https:\/\/pwr-ar.com\/wp-content\/uploads\/2024\/08\/Logo-PWR.png\",\"width\":181,\"height\":80,\"caption\":\"PWR Critical Services\"},\"image\":{\"@id\":\"https:\/\/pwr-ar.com\/#\/schema\/logo\/image\/\"}}]}<\/script>\n<!-- \/ Yoast SEO plugin. -->","yoast_head_json":{"title":"Soporte y Garant\u00eda - PWR Critical Services","robots":{"index":"index","follow":"follow","max-snippet":"max-snippet:-1","max-image-preview":"max-image-preview:large","max-video-preview":"max-video-preview:-1"},"canonical":"https:\/\/pwr-ar.com\/index.php\/soporte-y-garantia\/","og_locale":"en_US","og_type":"article","og_title":"Soporte y Garant\u00eda - PWR Critical Services","og_description":"Soporte y Garant\u00eda Proceso de Atenci\u00f3n Cont\u00e1ctenos","og_url":"https:\/\/pwr-ar.com\/index.php\/soporte-y-garantia\/","og_site_name":"PWR Critical Services","article_modified_time":"2024-11-25T21:09:03+00:00","og_image":[{"url":"https:\/\/pwr-ar.com\/wp-content\/uploads\/2023\/09\/Grafico-NP2.png","type":"","width":"","height":""}],"twitter_card":"summary_large_image","twitter_misc":{"Est. reading time":"1 minute"},"schema":{"@context":"https:\/\/schema.org","@graph":[{"@type":"WebPage","@id":"https:\/\/pwr-ar.com\/index.php\/soporte-y-garantia\/","url":"https:\/\/pwr-ar.com\/index.php\/soporte-y-garantia\/","name":"Soporte y Garant\u00eda - PWR Critical Services","isPartOf":{"@id":"https:\/\/pwr-ar.com\/#website"},"primaryImageOfPage":{"@id":"https:\/\/pwr-ar.com\/index.php\/soporte-y-garantia\/#primaryimage"},"image":{"@id":"https:\/\/pwr-ar.com\/index.php\/soporte-y-garantia\/#primaryimage"},"thumbnailUrl":"https:\/\/pwr-ar.com\/wp-content\/uploads\/2023\/09\/Grafico-NP2.png","datePublished":"2023-09-25T20:09:23+00:00","dateModified":"2024-11-25T21:09:03+00:00","breadcrumb":{"@id":"https:\/\/pwr-ar.com\/index.php\/soporte-y-garantia\/#breadcrumb"},"inLanguage":"en-US","potentialAction":[{"@type":"ReadAction","target":["https:\/\/pwr-ar.com\/index.php\/soporte-y-garantia\/"]}]},{"@type":"ImageObject","inLanguage":"en-US","@id":"https:\/\/pwr-ar.com\/index.php\/soporte-y-garantia\/#primaryimage","url":"https:\/\/pwr-ar.com\/wp-content\/uploads\/2023\/09\/Grafico-NP2.png","contentUrl":"https:\/\/pwr-ar.com\/wp-content\/uploads\/2023\/09\/Grafico-NP2.png","width":1912,"height":784},{"@type":"BreadcrumbList","@id":"https:\/\/pwr-ar.com\/index.php\/soporte-y-garantia\/#breadcrumb","itemListElement":[{"@type":"ListItem","position":1,"name":"Home","item":"https:\/\/pwr-ar.com\/"},{"@type":"ListItem","position":2,"name":"Soporte y Garant\u00eda"}]},{"@type":"WebSite","@id":"https:\/\/pwr-ar.com\/#website","url":"https:\/\/pwr-ar.com\/","name":"PWR Critical Services","description":"","publisher":{"@id":"https:\/\/pwr-ar.com\/#organization"},"potentialAction":[{"@type":"SearchAction","target":{"@type":"EntryPoint","urlTemplate":"https:\/\/pwr-ar.com\/?s={search_term_string}"},"query-input":{"@type":"PropertyValueSpecification","valueRequired":true,"valueName":"search_term_string"}}],"inLanguage":"en-US"},{"@type":"Organization","@id":"https:\/\/pwr-ar.com\/#organization","name":"PWR Critical Services","url":"https:\/\/pwr-ar.com\/","logo":{"@type":"ImageObject","inLanguage":"en-US","@id":"https:\/\/pwr-ar.com\/#\/schema\/logo\/image\/","url":"https:\/\/pwr-ar.com\/wp-content\/uploads\/2024\/08\/Logo-PWR.png","contentUrl":"https:\/\/pwr-ar.com\/wp-content\/uploads\/2024\/08\/Logo-PWR.png","width":181,"height":80,"caption":"PWR Critical Services"},"image":{"@id":"https:\/\/pwr-ar.com\/#\/schema\/logo\/image\/"}}]}},"_links":{"self":[{"href":"https:\/\/pwr-ar.com\/index.php\/wp-json\/wp\/v2\/pages\/70","targetHints":{"allow":["GET"]}}],"collection":[{"href":"https:\/\/pwr-ar.com\/index.php\/wp-json\/wp\/v2\/pages"}],"about":[{"href":"https:\/\/pwr-ar.com\/index.php\/wp-json\/wp\/v2\/types\/page"}],"author":[{"embeddable":true,"href":"https:\/\/pwr-ar.com\/index.php\/wp-json\/wp\/v2\/users\/1"}],"replies":[{"embeddable":true,"href":"https:\/\/pwr-ar.com\/index.php\/wp-json\/wp\/v2\/comments?post=70"}],"version-history":[{"count":26,"href":"https:\/\/pwr-ar.com\/index.php\/wp-json\/wp\/v2\/pages\/70\/revisions"}],"predecessor-version":[{"id":1159,"href":"https:\/\/pwr-ar.com\/index.php\/wp-json\/wp\/v2\/pages\/70\/revisions\/1159"}],"wp:attachment":[{"href":"https:\/\/pwr-ar.com\/index.php\/wp-json\/wp\/v2\/media?parent=70"}],"curies":[{"name":"wp","href":"https:\/\/api.w.org\/{rel}","templated":true}]}}